{"id":5373,"date":"2022-05-27T12:17:21","date_gmt":"2022-05-27T10:17:21","guid":{"rendered":"https:\/\/palkonnect.eu\/register\/"},"modified":"2022-11-21T19:11:14","modified_gmt":"2022-11-21T18:11:14","slug":"register","status":"publish","type":"page","link":"https:\/\/palkonnect.eu\/sv\/register\/","title":{"rendered":"Register"},"content":{"rendered":"[vc_row full_width=&#8221;stretch_row_content_no_spaces&#8221; content_placement=&#8221;top&#8221; remove_bottom_col_margin=&#8221;true&#8221; min_height=&#8221;256px&#8221; css=&#8221;.vc_custom_1654247279530{margin-top: 0px !important;margin-bottom: 20px !important;background-image: url(https:\/\/palkonnect.eu\/wp-content\/uploads\/2022\/06\/submit-header-scaled.gif?id=2497) !important;background-position: 0 0 !important;background-repeat: no-repeat !important;}&#8221; wpex_bg_position=&#8221;top center&#8221; wpex_bg_size=&#8221;2599px 256px&#8221; visibility=&#8221;hidden-phone&#8221;][vc_column][\/vc_column][\/vc_row][vc_row full_width=&#8221;stretch_row_content_no_spaces&#8221; content_placement=&#8221;middle&#8221; visibility=&#8221;visible-phone&#8221; css=&#8221;.vc_custom_1652441026009{margin-bottom: 20px !important;}&#8221;][vc_column][vc_single_image image=&#8221;2496&#8243; alignment=&#8221;center&#8221; css=&#8221;.vc_custom_1654247305348{padding-top: 0px !important;padding-right: 0px !important;padding-bottom: 0px !important;padding-left: 0px !important;}&#8221;][\/vc_column][\/vc_row][vc_row css=&#8221;.vc_custom_1654247491441{margin-top: 50px !important;margin-bottom: 100px !important;}&#8221;][vc_column][vc_column_text]\n<h1 style=\"text-align: left;\">Registrera<\/h1>\n[\/vc_column_text][vc_column_text css=&#8221;.vc_custom_1669039247158{margin-top: 40px !important;padding-right: 100px !important;}&#8221; el_id=&#8221;remove-right-padding&#8221;]\n<p style=\"text-align: left; font-size: 18px;\">F\u00f6r att ladda upp foton av ditt konstverk, var v\u00e4nlig att f\u00f6rst fylla i formul\u00e4ret nedan, spara denna information s\u00e5 att du kan komma \u00e5t ditt konto senare, via login sidan.<\/p>\n<p style=\"text-align: left; font-size: 18px;\">Tack!<\/p>\n[\/vc_column_text][vc_empty_space height=&#8221;50px&#8221;][vc_column_text el_class=&#8221;register-form&#8221;]<form class=\"wpuf-form-add wpuf-form-layout4 wpuf-style\" action=\"\" method=\"post\">\n            <ul class=\"wpuf-form form-label-above\">\n\n                <script type=\"text\/javascript\">\n                    if ( typeof wpuf_conditional_items === 'undefined' ) {\n                        wpuf_conditional_items = [];\n                    }\n\n                    if ( typeof wpuf_plupload_items === 'undefined' ) {\n                        wpuf_plupload_items = [];\n                    }\n\n                    if ( typeof wpuf_map_items === 'undefined' ) {\n                        wpuf_map_items = [];\n                    }\n                <\/script>\n\n                \n        <li class=\"wpuf-el user_login field-size-large\" data-label=\"Anv\u00e4ndarnamn\">\n                    <div class=\"wpuf-label\">\n            <label for=\"user_login_13298\">Anv\u00e4ndarnamn <span class=\"required\">*<\/span><\/label>\n        <\/div>\n        \n            <div class=\"wpuf-fields\">\n                <input\n                    class=\"textfield wpuf_user_login_13298\"\n                    id=\"user_login_13298\"\n                    type=\"text\"\n                    data-required=\"yes\"\n                    data-type=\"text\" name=\"user_login\"\n                    placeholder=\"\"\n                    value=\"\"\n                    size=\"40\"\n                                    \/>\n\n                <span class=\"wpuf-wordlimit-message wpuf-help\"><\/span>\n                            <\/div>\n        <\/li>\n\n        \n        <li class=\"wpuf-el first_name field-size-large\" data-label=\"F\u00f6r- och efternamn eller smeknamn\">\n                    <div class=\"wpuf-label\">\n            <label for=\"first_name_13298\">F\u00f6r- och efternamn eller smeknamn <span class=\"required\">*<\/span><\/label>\n        <\/div>\n        \n            <div class=\"wpuf-fields\">\n                <input\n                    class=\"textfield wpuf_first_name_13298\"\n                    id=\"first_name_13298\"\n                    type=\"text\"\n                    data-required=\"yes\"\n                    data-type=\"text\" name=\"first_name\"\n                    placeholder=\"\"\n                    value=\"\"\n                    size=\"40\"\n                \/>\n\n                <span class=\"wpuf-wordlimit-message wpuf-help\"><\/span>\n                            <\/div>\n        <\/li>\n\n        \n        <li class=\"wpuf-el user_email field-size-large\" data-label=\"Email\">\n                    <div class=\"wpuf-label\">\n            <label for=\"user_email_13298\">Email <span class=\"required\">*<\/span><\/label>\n        <\/div>\n        \n            <div class=\"wpuf-fields\">\n                <input\n                    class=\"textfield wpuf_user_email_13298\"\n                    id=\"user_email_13298\"\n                    type=\"email\"\n                    data-required=\"yes\"\n                    data-type=\"text\" name=\"user_email\"\n                    placeholder=\"\"\n                    value=\"\"\n                    size=\"40\"\n                \/>\n\n                <span class=\"wpuf-wordlimit-message wpuf-help\"><\/span>\n                            <\/div>\n        <\/li>\n\n        \n        <li class=\"wpuf-el password field-size-large\" data-label=\"L\u00f6senord\u00a0\">\n                    <div class=\"wpuf-label\">\n            <label for=\"password_13298\">L\u00f6senord\u00a0 <span class=\"required\">*<\/span><\/label>\n        <\/div>\n        \n            <div class=\"wpuf-fields\">\n                <input\n                    class=\"password  wpuf_password_13298\"\n                    id=\"password_13298_1\"\n                    type=\"password\"\n                    data-required=\"yes\"\n                    data-type=\"password\"\n                    placeholder=\"\"\n                    value=\"\"\n                    size=\"40\"\n                    name=\"pass1\"\n                \/>\n\n                <span class=\"wpuf-wordlimit-message wpuf-help\"><\/span>\n                            <\/div>\n        <\/li>\n\n        \n            \n            <li class=\"wpuf-el confirm_password field-size-large\" data-label=\"Confirm Password\">\n                <div class=\"wpuf-label\">\n                    <label for=\"Bekr\u00e4fta l\u00f6senord_13298\">Bekr\u00e4fta l\u00f6senord <span class=\"required\">*<\/span><\/label>\n                <\/div>\n\n                <div class=\"wpuf-fields\">\n                    <input\n                        id=\"password_13298_2\"\n                        class=\"password  wpuf_password_13298\"\n                        type=\"password\"\n                        data-required=\"yes\"\n                        data-type=\"confirm_password\" name=\"pass2\"\n                        placeholder=\"\"\n                        value=\"\"\n                        size=\"40\"\n                    \/>\n\n                    <span class=\"wpuf-wordlimit-message wpuf-help\"><\/span>\n                                    <\/div>\n            <\/li>\n\n            \n                <li>\n                    <div class=\"wpuf-label\">&nbsp;<\/div>\n                    <div class=\"wpuf-fields\">\n                        <div class=\"pass-strength-result\" id=\"pass-strength-result_13298\" style=\"display: block\">Styrkeindikator<\/div>\n                    <\/div>\n                <\/li>\n\n                <script type=\"text\/javascript\">\n                    jQuery(function($) {\n                        function check_pass_strength() {\n                            var pass1 = $(\"#password_13298_1\").val(),\n                                pass2 = $(\"#password_13298_2\").val(),\n                                strength;\n\n                            if ( typeof pass2 === undefined ) {\n                                pass2 = pass1;\n                            }\n\n                            $(\"#pass-strength-result_13298\").removeClass('short bad good strong');\n                            if (!pass1) {\n                                $(\"#pass-strength-result_13298\").html(pwsL10n.empty);\n                                return;\n                            }\n\n                            strength = wp.passwordStrength.meter(pass1, wp.passwordStrength.userInputBlacklist(), pass2);\n\n                            switch (strength) {\n                                case 2:\n                                    $(\"#pass-strength-result_13298\").addClass('bad').html(pwsL10n.bad);\n                                    break;\n                                case 3:\n                                    $(\"#pass-strength-result_13298\").addClass('good').html(pwsL10n.good);\n                                    break;\n                                case 4:\n                                    $(\"#pass-strength-result_13298\").addClass('strong').html(pwsL10n.strong);\n                                    break;\n                                case 5:\n                                    $(\"#pass-strength-result_13298\").addClass('short').html(pwsL10n.mismatch);\n                                    break;\n                                default:\n                                    $(\"#pass-strength-result_13298\").addClass('short').html(pwsL10n['short']);\n                            }\n                        }\n\n                        $(\"#password_13298_1\").val('').keyup(check_pass_strength);\n                        $(\"#password_13298_2\").val('').keyup(check_pass_strength);\n                        $(\"#pass-strength-result_13298\").show();\n                    });\n                <\/script>\n            \n        <li class=\"wpuf-submit\">\n            <div class=\"wpuf-label\">\n                &nbsp;\n            <\/div>\n\n            <input type=\"hidden\" id=\"_wpnonce\" name=\"_wpnonce\" value=\"f6b760e53a\" \/><input type=\"hidden\" name=\"_wp_http_referer\" value=\"\/sv\/wp-json\/wp\/v2\/pages\/5373\" \/>                <input type=\"hidden\" name=\"form_id\" value=\"13298\">\n                <input type=\"hidden\" name=\"page_id\" value=\"5373\">\n                <input type=\"hidden\" id=\"del_attach\" name=\"delete_attachments[]\">\n\n                            <input type=\"hidden\" name=\"action\" value=\"wpuf_submit_register\">\n                <input type=\"submit\" class=\"wpuf-submit-button\" name=\"submit\" value=\"Registrera\" \/>\n                    <\/li>\n\n        <li><div class=\"wpuf-label\">&nbsp;<\/div><a href=\"https:\/\/palkonnect.eu\/hr\/login\/\">Log in<\/a> | <a href=\"https:\/\/palkonnect.eu\/hr\/login\/?action=lostpassword\">Gl\u00f6mt l\u00f6senord<\/a><\/li><\/ul><\/form>[\/vc_column_text][\/vc_column][\/vc_row]\n","protected":false},"excerpt":{"rendered":"<p>[vc_row full_width=&#8221;stretch_row_content_no_spaces&#8221; content_placement=&#8221;top&#8221; remove_bottom_col_margin=&#8221;true&#8221; min_height=&#8221;256px&#8221; css=&#8221;.vc_custom_1654247279530{margin-top: 0px !important;margin-bottom: 20px !important;background-image: url(https:\/\/palkonnect.eu\/wp-content\/uploads\/2022\/06\/submit-header-scaled.gif?id=2497) !important;background-position: 0 0 !important;background-repeat: no-repeat !important;}&#8221; wpex_bg_position=&#8221;top center&#8221; wpex_bg_size=&#8221;2599px 256px&#8221; visibility=&#8221;hidden-phone&#8221;][vc_column][\/vc_column][\/vc_row][vc_row full_width=&#8221;stretch_row_content_no_spaces&#8221; content_placement=&#8221;middle&#8221; visibility=&#8221;visible-phone&#8221; css=&#8221;.vc_custom_1652441026009{margin-bottom: 20px !important;}&#8221;][vc_column][vc_single_image image=&#8221;2496&#8243; alignment=&#8221;center&#8221; css=&#8221;.vc_custom_1654247305348{padding-top: 0px !important;padding-right: 0px !important;padding-bottom: 0px !important;padding-left: 0px !important;}&#8221;][\/vc_column][\/vc_row][vc_row css=&#8221;.vc_custom_1654247491441{margin-top: 50px !important;margin-bottom: 100px !important;}&#8221;][vc_column][vc_column_text] Registrera [\/vc_column_text][vc_column_text css=&#8221;.vc_custom_1669039247158{margin-top: 40px !important;padding-right: 100px !important;}&#8221; el_id=&#8221;remove-right-padding&#8221;] F\u00f6r att ladda&hellip;<\/p>\n","protected":false},"author":1,"featured_media":0,"parent":0,"menu_order":0,"comment_status":"closed","ping_status":"closed","template":"","meta":{"footnotes":""},"class_list":["post-5373","page","type-page","status-publish","hentry","entry","no-media"],"acf":[],"_links":{"self":[{"href":"https:\/\/palkonnect.eu\/sv\/wp-json\/wp\/v2\/pages\/5373","targetHints":{"allow":["GET"]}}],"collection":[{"href":"https:\/\/palkonnect.eu\/sv\/wp-json\/wp\/v2\/pages"}],"about":[{"href":"https:\/\/palkonnect.eu\/sv\/wp-json\/wp\/v2\/types\/page"}],"author":[{"embeddable":true,"href":"https:\/\/palkonnect.eu\/sv\/wp-json\/wp\/v2\/users\/1"}],"replies":[{"embeddable":true,"href":"https:\/\/palkonnect.eu\/sv\/wp-json\/wp\/v2\/comments?post=5373"}],"version-history":[{"count":6,"href":"https:\/\/palkonnect.eu\/sv\/wp-json\/wp\/v2\/pages\/5373\/revisions"}],"predecessor-version":[{"id":13304,"href":"https:\/\/palkonnect.eu\/sv\/wp-json\/wp\/v2\/pages\/5373\/revisions\/13304"}],"wp:attachment":[{"href":"https:\/\/palkonnect.eu\/sv\/wp-json\/wp\/v2\/media?parent=5373"}],"curies":[{"name":"wp","href":"https:\/\/api.w.org\/{rel}","templated":true}]}}