{"id":2457,"date":"2022-05-27T12:17:21","date_gmt":"2022-05-27T10:17:21","guid":{"rendered":"https:\/\/palkonnect.eu\/?page_id=2457"},"modified":"2022-11-21T13:35:33","modified_gmt":"2022-11-21T12:35:33","slug":"register","status":"publish","type":"page","link":"https:\/\/palkonnect.eu\/hr\/register\/","title":{"rendered":"Register"},"content":{"rendered":"[vc_row full_width=&#8221;stretch_row_content_no_spaces&#8221; content_placement=&#8221;top&#8221; remove_bottom_col_margin=&#8221;true&#8221; min_height=&#8221;256px&#8221; css=&#8221;.vc_custom_1654247279530{margin-top: 0px !important;margin-bottom: 20px !important;background-image: url(https:\/\/palkonnect.eu\/wp-content\/uploads\/2022\/06\/submit-header-scaled.gif?id=2497) !important;background-position: 0 0 !important;background-repeat: no-repeat !important;}&#8221; wpex_bg_position=&#8221;top center&#8221; wpex_bg_size=&#8221;2599px 256px&#8221; visibility=&#8221;hidden-phone&#8221;][vc_column][\/vc_column][\/vc_row][vc_row full_width=&#8221;stretch_row_content_no_spaces&#8221; content_placement=&#8221;middle&#8221; visibility=&#8221;visible-phone&#8221; css=&#8221;.vc_custom_1652441026009{margin-bottom: 20px !important;}&#8221;][vc_column][vc_single_image image=&#8221;2496&#8243; alignment=&#8221;center&#8221; css=&#8221;.vc_custom_1654247305348{padding-top: 0px !important;padding-right: 0px !important;padding-bottom: 0px !important;padding-left: 0px !important;}&#8221;][\/vc_column][\/vc_row][vc_row css=&#8221;.vc_custom_1654247491441{margin-top: 50px !important;margin-bottom: 100px !important;}&#8221;][vc_column][vc_column_text]\n<h1 style=\"text-align: left;\">Registracija<\/h1>\n[\/vc_column_text][vc_column_text css=&#8221;.vc_custom_1669034124995{margin-top: 40px !important;padding-right: 100px !important;}&#8221; el_id=&#8221;remove-right-padding&#8221;]\n<p style=\"text-align: left; font-size: 18px;\">Kako biste prenijeli fotografije svojih umjetni\u010dkih djela, prvo se registrirajte ispunjavanjem obrasca u nastavku. Sa\u010duvajte ove podatke kako biste ubudu\u0107e mogli pristupiti svom ra\u010dunu putem na\u0161e stranice za prijavu.<\/p>\n<p style=\"text-align: left; font-size: 18px;\">Hvala vam!<\/p>\n[\/vc_column_text][vc_empty_space height=&#8221;50px&#8221;][vc_column_text el_class=&#8221;register-form&#8221;]<form class=\"wpuf-form-add wpuf-form-layout4 wpuf-style\" action=\"\" method=\"post\">\n            <ul class=\"wpuf-form form-label-above\">\n\n                <script type=\"text\/javascript\">\n                    if ( typeof wpuf_conditional_items === 'undefined' ) {\n                        wpuf_conditional_items = [];\n                    }\n\n                    if ( typeof wpuf_plupload_items === 'undefined' ) {\n                        wpuf_plupload_items = [];\n                    }\n\n                    if ( typeof wpuf_map_items === 'undefined' ) {\n                        wpuf_map_items = [];\n                    }\n                <\/script>\n\n                \n        <li class=\"wpuf-el user_login field-size-large\" data-label=\"Korisni\u010dko ime\">\n                    <div class=\"wpuf-label\">\n            <label for=\"user_login_12750\">Korisni\u010dko ime <span class=\"required\">*<\/span><\/label>\n        <\/div>\n        \n            <div class=\"wpuf-fields\">\n                <input\n                    class=\"textfield wpuf_user_login_12750\"\n                    id=\"user_login_12750\"\n                    type=\"text\"\n                    data-required=\"yes\"\n                    data-type=\"text\" name=\"user_login\"\n                    placeholder=\"\"\n                    value=\"\"\n                    size=\"40\"\n                                    \/>\n\n                <span class=\"wpuf-wordlimit-message wpuf-help\"><\/span>\n                            <\/div>\n        <\/li>\n\n        \n        <li class=\"wpuf-el first_name field-size-large\" data-label=\"Ime i prezime ili nadimak\">\n                    <div class=\"wpuf-label\">\n            <label for=\"first_name_12750\">Ime i prezime ili nadimak <span class=\"required\">*<\/span><\/label>\n        <\/div>\n        \n            <div class=\"wpuf-fields\">\n                <input\n                    class=\"textfield wpuf_first_name_12750\"\n                    id=\"first_name_12750\"\n                    type=\"text\"\n                    data-required=\"yes\"\n                    data-type=\"text\" name=\"first_name\"\n                    placeholder=\"\"\n                    value=\"\"\n                    size=\"40\"\n                \/>\n\n                <span class=\"wpuf-wordlimit-message wpuf-help\"><\/span>\n                            <\/div>\n        <\/li>\n\n        \n        <li class=\"wpuf-el user_email field-size-large\" data-label=\"E-mail\">\n                    <div class=\"wpuf-label\">\n            <label for=\"user_email_12750\">E-mail <span class=\"required\">*<\/span><\/label>\n        <\/div>\n        \n            <div class=\"wpuf-fields\">\n                <input\n                    class=\"textfield wpuf_user_email_12750\"\n                    id=\"user_email_12750\"\n                    type=\"email\"\n                    data-required=\"yes\"\n                    data-type=\"text\" name=\"user_email\"\n                    placeholder=\"\"\n                    value=\"\"\n                    size=\"40\"\n                \/>\n\n                <span class=\"wpuf-wordlimit-message wpuf-help\"><\/span>\n                            <\/div>\n        <\/li>\n\n        \n        <li class=\"wpuf-el password field-size-large\" data-label=\"Lozinka\">\n                    <div class=\"wpuf-label\">\n            <label for=\"password_12750\">Lozinka <span class=\"required\">*<\/span><\/label>\n        <\/div>\n        \n            <div class=\"wpuf-fields\">\n                <input\n                    class=\"password  wpuf_password_12750\"\n                    id=\"password_12750_1\"\n                    type=\"password\"\n                    data-required=\"yes\"\n                    data-type=\"password\"\n                    placeholder=\"\"\n                    value=\"\"\n                    size=\"40\"\n                    name=\"pass1\"\n                \/>\n\n                <span class=\"wpuf-wordlimit-message wpuf-help\"><\/span>\n                            <\/div>\n        <\/li>\n\n        \n            \n            <li class=\"wpuf-el confirm_password field-size-large\" data-label=\"Confirm Password\">\n                <div class=\"wpuf-label\">\n                    <label for=\"Ponovljena lozinka_12750\">Ponovljena lozinka <span class=\"required\">*<\/span><\/label>\n                <\/div>\n\n                <div class=\"wpuf-fields\">\n                    <input\n                        id=\"password_12750_2\"\n                        class=\"password  wpuf_password_12750\"\n                        type=\"password\"\n                        data-required=\"yes\"\n                        data-type=\"confirm_password\" name=\"pass2\"\n                        placeholder=\"\"\n                        value=\"\"\n                        size=\"40\"\n                    \/>\n\n                    <span class=\"wpuf-wordlimit-message wpuf-help\"><\/span>\n                                    <\/div>\n            <\/li>\n\n            \n                <li>\n                    <div class=\"wpuf-label\">&nbsp;<\/div>\n                    <div class=\"wpuf-fields\">\n                        <div class=\"pass-strength-result\" id=\"pass-strength-result_12750\" style=\"display: block\">Ja\u010dina lozinke<\/div>\n                    <\/div>\n                <\/li>\n\n                <script type=\"text\/javascript\">\n                    jQuery(function($) {\n                        function check_pass_strength() {\n                            var pass1 = $(\"#password_12750_1\").val(),\n                                pass2 = $(\"#password_12750_2\").val(),\n                                strength;\n\n                            if ( typeof pass2 === undefined ) {\n                                pass2 = pass1;\n                            }\n\n                            $(\"#pass-strength-result_12750\").removeClass('short bad good strong');\n                            if (!pass1) {\n                                $(\"#pass-strength-result_12750\").html(pwsL10n.empty);\n                                return;\n                            }\n\n                            strength = wp.passwordStrength.meter(pass1, wp.passwordStrength.userInputBlacklist(), pass2);\n\n                            switch (strength) {\n                                case 2:\n                                    $(\"#pass-strength-result_12750\").addClass('bad').html(pwsL10n.bad);\n                                    break;\n                                case 3:\n                                    $(\"#pass-strength-result_12750\").addClass('good').html(pwsL10n.good);\n                                    break;\n                                case 4:\n                                    $(\"#pass-strength-result_12750\").addClass('strong').html(pwsL10n.strong);\n                                    break;\n                                case 5:\n                                    $(\"#pass-strength-result_12750\").addClass('short').html(pwsL10n.mismatch);\n                                    break;\n                                default:\n                                    $(\"#pass-strength-result_12750\").addClass('short').html(pwsL10n['short']);\n                            }\n                        }\n\n                        $(\"#password_12750_1\").val('').keyup(check_pass_strength);\n                        $(\"#password_12750_2\").val('').keyup(check_pass_strength);\n                        $(\"#pass-strength-result_12750\").show();\n                    });\n                <\/script>\n            \n        <li class=\"wpuf-submit\">\n            <div class=\"wpuf-label\">\n                &nbsp;\n            <\/div>\n\n            <input type=\"hidden\" id=\"_wpnonce\" name=\"_wpnonce\" value=\"f6b760e53a\" \/><input type=\"hidden\" name=\"_wp_http_referer\" value=\"\/hr\/wp-json\/wp\/v2\/pages\/2457\" \/>                <input type=\"hidden\" name=\"form_id\" value=\"12750\">\n                <input type=\"hidden\" name=\"page_id\" value=\"2457\">\n                <input type=\"hidden\" id=\"del_attach\" name=\"delete_attachments[]\">\n\n                            <input type=\"hidden\" name=\"action\" value=\"wpuf_submit_register\">\n                <input type=\"submit\" class=\"wpuf-submit-button\" name=\"submit\" value=\"Registriraj\" \/>\n                    <\/li>\n\n        <li><div class=\"wpuf-label\">&nbsp;<\/div><a href=\"https:\/\/palkonnect.eu\/hr\/login\/\">Prijava<\/a> | <a href=\"https:\/\/palkonnect.eu\/hr\/login\/?action=lostpassword\">Zaboravljena lozinka<\/a><\/li><\/ul><\/form>[\/vc_column_text][\/vc_column][\/vc_row]\n","protected":false},"excerpt":{"rendered":"<p>[vc_row full_width=&#8221;stretch_row_content_no_spaces&#8221; content_placement=&#8221;top&#8221; remove_bottom_col_margin=&#8221;true&#8221; min_height=&#8221;256px&#8221; css=&#8221;.vc_custom_1654247279530{margin-top: 0px !important;margin-bottom: 20px !important;background-image: url(https:\/\/palkonnect.eu\/wp-content\/uploads\/2022\/06\/submit-header-scaled.gif?id=2497) !important;background-position: 0 0 !important;background-repeat: no-repeat !important;}&#8221; wpex_bg_position=&#8221;top center&#8221; wpex_bg_size=&#8221;2599px 256px&#8221; visibility=&#8221;hidden-phone&#8221;][vc_column][\/vc_column][\/vc_row][vc_row full_width=&#8221;stretch_row_content_no_spaces&#8221; content_placement=&#8221;middle&#8221; visibility=&#8221;visible-phone&#8221; css=&#8221;.vc_custom_1652441026009{margin-bottom: 20px !important;}&#8221;][vc_column][vc_single_image image=&#8221;2496&#8243; alignment=&#8221;center&#8221; css=&#8221;.vc_custom_1654247305348{padding-top: 0px !important;padding-right: 0px !important;padding-bottom: 0px !important;padding-left: 0px !important;}&#8221;][\/vc_column][\/vc_row][vc_row css=&#8221;.vc_custom_1654247491441{margin-top: 50px !important;margin-bottom: 100px !important;}&#8221;][vc_column][vc_column_text] Registracija [\/vc_column_text][vc_column_text css=&#8221;.vc_custom_1669034124995{margin-top: 40px !important;padding-right: 100px !important;}&#8221; el_id=&#8221;remove-right-padding&#8221;] Kako biste prenijeli&hellip;<\/p>\n","protected":false},"author":1,"featured_media":0,"parent":0,"menu_order":0,"comment_status":"closed","ping_status":"closed","template":"","meta":{"footnotes":""},"class_list":["post-2457","page","type-page","status-publish","hentry","entry","no-media"],"acf":[],"_links":{"self":[{"href":"https:\/\/palkonnect.eu\/hr\/wp-json\/wp\/v2\/pages\/2457","targetHints":{"allow":["GET"]}}],"collection":[{"href":"https:\/\/palkonnect.eu\/hr\/wp-json\/wp\/v2\/pages"}],"about":[{"href":"https:\/\/palkonnect.eu\/hr\/wp-json\/wp\/v2\/types\/page"}],"author":[{"embeddable":true,"href":"https:\/\/palkonnect.eu\/hr\/wp-json\/wp\/v2\/users\/1"}],"replies":[{"embeddable":true,"href":"https:\/\/palkonnect.eu\/hr\/wp-json\/wp\/v2\/comments?post=2457"}],"version-history":[{"count":17,"href":"https:\/\/palkonnect.eu\/hr\/wp-json\/wp\/v2\/pages\/2457\/revisions"}],"predecessor-version":[{"id":12998,"href":"https:\/\/palkonnect.eu\/hr\/wp-json\/wp\/v2\/pages\/2457\/revisions\/12998"}],"wp:attachment":[{"href":"https:\/\/palkonnect.eu\/hr\/wp-json\/wp\/v2\/media?parent=2457"}],"curies":[{"name":"wp","href":"https:\/\/api.w.org\/{rel}","templated":true}]}}