{"id":2443,"date":"2022-05-27T12:06:25","date_gmt":"2022-05-27T10:06:25","guid":{"rendered":"https:\/\/palkonnect.eu\/?page_id=2443"},"modified":"2022-11-24T16:40:43","modified_gmt":"2022-11-24T15:40:43","slug":"submit-artwork","status":"publish","type":"page","link":"https:\/\/palkonnect.eu\/hr\/submit-artwork\/","title":{"rendered":"Submit Artwork (HR)"},"content":{"rendered":"[vc_row full_width=&#8221;stretch_row_content_no_spaces&#8221; content_placement=&#8221;top&#8221; remove_bottom_col_margin=&#8221;true&#8221; min_height=&#8221;256px&#8221; css=&#8221;.vc_custom_1654168323209{margin-top: 0px !important;margin-bottom: 20px !important;background-image: url(https:\/\/palkonnect.eu\/wp-content\/uploads\/2022\/06\/submit-header-scaled.gif?id=2497) !important;background-position: 0 0 !important;background-repeat: no-repeat !important;}&#8221; wpex_bg_position=&#8221;top center&#8221; wpex_bg_size=&#8221;2599px 256px&#8221; visibility=&#8221;hidden-phone&#8221;][vc_column][\/vc_column][\/vc_row][vc_row full_width=&#8221;stretch_row_content_no_spaces&#8221; content_placement=&#8221;middle&#8221; visibility=&#8221;visible-phone&#8221; css=&#8221;.vc_custom_1652441026009{margin-bottom: 20px !important;}&#8221;][vc_column][vc_single_image image=&#8221;2496&#8243; alignment=&#8221;center&#8221; css=&#8221;.vc_custom_1654168350445{padding-top: 0px !important;padding-right: 0px !important;padding-bottom: 0px !important;padding-left: 0px !important;}&#8221;][\/vc_column][\/vc_row][vc_row css=&#8221;.vc_custom_1668458930195{margin-top: 50px !important;margin-bottom: 100px !important;}&#8221;][vc_column][vc_column_text]\n<h1 style=\"text-align: left;\">Prenesi svoj rad<\/h1>\n[\/vc_column_text][vc_column_text css=&#8221;.vc_custom_1669033780417{margin-top: 40px !important;padding-right: 100px !important;}&#8221; el_class=&#8221;logged-in&#8221; font_size=&#8221;18&#8243;]\n<p style=\"font-size: 18px;\">Kako biste prenijeli fotografije svojih umjetni\u010dkih djela, ispunite donji obrazac. Za najbolju prezentaciju, <span style=\"color: #36759f;\">preporu\u010dujemo da \u0161irinu fotografija postavite na najmanje 700 piksela i ne vi\u0161e od 1000 piksela<\/span>.<\/p>\n<p style=\"font-size: 18px;\">Ograni\u010denje veli\u010dine jedne fotografije je 1 Mb.<\/p>\n[\/vc_column_text][vc_column_text css=&#8221;.vc_custom_1669304437249{margin-top: 40px !important;padding-right: 100px !important;}&#8221; el_class=&#8221;logged-out&#8221; font_size=&#8221;18&#8243;]\n<p class=\"p1\"><span class=\"s1\">Molimo <\/span><a href=\"https:\/\/palkonnect.eu\/hr\/login\/\"><span class=\"s2\">prijavite se<\/span><\/a><span class=\"s1\"> u svoj ra\u010dun kako bi prenijeli rad. Ako ste novi korisnik, prvo se <\/span><a href=\"https:\/\/palkonnect.eu\/hr\/register\/\"><span class=\"s2\">registrirajte<\/span><\/a><span class=\"s1\">.<\/span><\/p>\n[\/vc_column_text][vc_empty_space height=&#8221;50px&#8221;][vc_column_text]<div class=\"wpuf-message\">This page is restricted. Please <a href='https:\/\/palkonnect.eu\/hr\/login\/'>Login<\/a> \/ <a href='https:\/\/palkonnect.eu\/hr\/register\/'>Register<\/a> to view this page.<\/div>[\/vc_column_text][\/vc_column][\/vc_row]\n","protected":false},"excerpt":{"rendered":"<p>[vc_row full_width=&#8221;stretch_row_content_no_spaces&#8221; content_placement=&#8221;top&#8221; remove_bottom_col_margin=&#8221;true&#8221; min_height=&#8221;256px&#8221; css=&#8221;.vc_custom_1654168323209{margin-top: 0px !important;margin-bottom: 20px !important;background-image: url(https:\/\/palkonnect.eu\/wp-content\/uploads\/2022\/06\/submit-header-scaled.gif?id=2497) !important;background-position: 0 0 !important;background-repeat: no-repeat !important;}&#8221; wpex_bg_position=&#8221;top center&#8221; wpex_bg_size=&#8221;2599px 256px&#8221; visibility=&#8221;hidden-phone&#8221;][vc_column][\/vc_column][\/vc_row][vc_row full_width=&#8221;stretch_row_content_no_spaces&#8221; content_placement=&#8221;middle&#8221; visibility=&#8221;visible-phone&#8221; css=&#8221;.vc_custom_1652441026009{margin-bottom: 20px !important;}&#8221;][vc_column][vc_single_image image=&#8221;2496&#8243; alignment=&#8221;center&#8221; css=&#8221;.vc_custom_1654168350445{padding-top: 0px !important;padding-right: 0px !important;padding-bottom: 0px !important;padding-left: 0px !important;}&#8221;][\/vc_column][\/vc_row][vc_row css=&#8221;.vc_custom_1668458930195{margin-top: 50px !important;margin-bottom: 100px !important;}&#8221;][vc_column][vc_column_text] Prenesi svoj rad [\/vc_column_text][vc_column_text css=&#8221;.vc_custom_1669033780417{margin-top: 40px !important;padding-right: 100px !important;}&#8221; el_class=&#8221;logged-in&#8221; font_size=&#8221;18&#8243;]&hellip;<\/p>\n","protected":false},"author":1,"featured_media":0,"parent":0,"menu_order":0,"comment_status":"closed","ping_status":"closed","template":"","meta":{"footnotes":""},"class_list":["post-2443","page","type-page","status-publish","hentry","entry","no-media"],"acf":[],"_links":{"self":[{"href":"https:\/\/palkonnect.eu\/hr\/wp-json\/wp\/v2\/pages\/2443","targetHints":{"allow":["GET"]}}],"collection":[{"href":"https:\/\/palkonnect.eu\/hr\/wp-json\/wp\/v2\/pages"}],"about":[{"href":"https:\/\/palkonnect.eu\/hr\/wp-json\/wp\/v2\/types\/page"}],"author":[{"embeddable":true,"href":"https:\/\/palkonnect.eu\/hr\/wp-json\/wp\/v2\/users\/1"}],"replies":[{"embeddable":true,"href":"https:\/\/palkonnect.eu\/hr\/wp-json\/wp\/v2\/comments?post=2443"}],"version-history":[{"count":33,"href":"https:\/\/palkonnect.eu\/hr\/wp-json\/wp\/v2\/pages\/2443\/revisions"}],"predecessor-version":[{"id":13458,"href":"https:\/\/palkonnect.eu\/hr\/wp-json\/wp\/v2\/pages\/2443\/revisions\/13458"}],"wp:attachment":[{"href":"https:\/\/palkonnect.eu\/hr\/wp-json\/wp\/v2\/media?parent=2443"}],"curies":[{"name":"wp","href":"https:\/\/api.w.org\/{rel}","templated":true}]}}