{"id":5384,"date":"2022-05-27T12:06:25","date_gmt":"2022-05-27T10:06:25","guid":{"rendered":"https:\/\/palkonnect.eu\/submit-artwork\/"},"modified":"2022-11-21T18:52:49","modified_gmt":"2022-11-21T17:52:49","slug":"submit-artwork","status":"publish","type":"page","link":"https:\/\/palkonnect.eu\/es\/submit-artwork\/","title":{"rendered":"Submit Artwork (ES)"},"content":{"rendered":"[vc_row full_width=&#8221;stretch_row_content_no_spaces&#8221; content_placement=&#8221;top&#8221; remove_bottom_col_margin=&#8221;true&#8221; min_height=&#8221;256px&#8221; css=&#8221;.vc_custom_1654168323209{margin-top: 0px !important;margin-bottom: 20px !important;background-image: url(https:\/\/palkonnect.eu\/wp-content\/uploads\/2022\/06\/submit-header-scaled.gif?id=2497) !important;background-position: 0 0 !important;background-repeat: no-repeat !important;}&#8221; wpex_bg_position=&#8221;top center&#8221; wpex_bg_size=&#8221;2599px 256px&#8221; visibility=&#8221;hidden-phone&#8221;][vc_column][\/vc_column][\/vc_row][vc_row full_width=&#8221;stretch_row_content_no_spaces&#8221; content_placement=&#8221;middle&#8221; visibility=&#8221;visible-phone&#8221; css=&#8221;.vc_custom_1652441026009{margin-bottom: 20px !important;}&#8221;][vc_column][vc_single_image image=&#8221;2496&#8243; alignment=&#8221;center&#8221; css=&#8221;.vc_custom_1654168350445{padding-top: 0px !important;padding-right: 0px !important;padding-bottom: 0px !important;padding-left: 0px !important;}&#8221;][\/vc_column][\/vc_row][vc_row css=&#8221;.vc_custom_1668458930195{margin-top: 50px !important;margin-bottom: 100px !important;}&#8221;][vc_column][vc_column_text]\n<h1 style=\"text-align: left;\">Enviar arte<\/h1>\n[\/vc_column_text][vc_column_text css=&#8221;.vc_custom_1669038762488{margin-top: 40px !important;padding-right: 100px !important;}&#8221; el_class=&#8221;logged-in&#8221; font_size=&#8221;18&#8243;]\n<p style=\"font-size: 18px;\">Para subir fotos de tus obras de arte, por favor, rellena el siguiente formulario. Para obtener la mejor presentaci\u00f3n, le recomendamos que <span style=\"color: #36759f;\">establezca el ancho de las fotos en no menos de 700 p\u00edxeles y no m\u00e1s de 1000 p\u00edxeles<\/span>.<\/p>\n<p style=\"font-size: 18px;\">El l\u00edmite de tama\u00f1o de una foto es de 1 Mb.<\/p>\n[\/vc_column_text][vc_column_text css=&#8221;.vc_custom_1669038869075{margin-top: 40px !important;padding-right: 100px !important;}&#8221; el_class=&#8221;logged-out&#8221; font_size=&#8221;18&#8243;]\n<p class=\"p1\"><span class=\"s1\">Por favor, <\/span><a href=\"https:\/\/palkonnect.eu\/es\/login\/\"><span class=\"s2\">inicie sesi\u00f3n<\/span><\/a><span class=\"s1\"> en su cuenta para enviar obras de arte. Si es un usuario nuevo, <\/span><a href=\"https:\/\/palkonnect.eu\/es\/register\/\"><span class=\"s2\">reg\u00edstrese<\/span><\/a><span class=\"s1\"> primero.<\/span><\/p>\n[\/vc_column_text][vc_empty_space height=&#8221;50px&#8221;][vc_column_text]<div class=\"wpuf-message\">This page is restricted. Please <a href='https:\/\/palkonnect.eu\/hr\/login\/'>Login<\/a> \/ <a href='https:\/\/palkonnect.eu\/hr\/register\/'>Register<\/a> to view this page.<\/div>[\/vc_column_text][\/vc_column][\/vc_row]\n","protected":false},"excerpt":{"rendered":"<p>[vc_row full_width=&#8221;stretch_row_content_no_spaces&#8221; content_placement=&#8221;top&#8221; remove_bottom_col_margin=&#8221;true&#8221; min_height=&#8221;256px&#8221; css=&#8221;.vc_custom_1654168323209{margin-top: 0px !important;margin-bottom: 20px !important;background-image: url(https:\/\/palkonnect.eu\/wp-content\/uploads\/2022\/06\/submit-header-scaled.gif?id=2497) !important;background-position: 0 0 !important;background-repeat: no-repeat !important;}&#8221; wpex_bg_position=&#8221;top center&#8221; wpex_bg_size=&#8221;2599px 256px&#8221; visibility=&#8221;hidden-phone&#8221;][vc_column][\/vc_column][\/vc_row][vc_row full_width=&#8221;stretch_row_content_no_spaces&#8221; content_placement=&#8221;middle&#8221; visibility=&#8221;visible-phone&#8221; css=&#8221;.vc_custom_1652441026009{margin-bottom: 20px !important;}&#8221;][vc_column][vc_single_image image=&#8221;2496&#8243; alignment=&#8221;center&#8221; css=&#8221;.vc_custom_1654168350445{padding-top: 0px !important;padding-right: 0px !important;padding-bottom: 0px !important;padding-left: 0px !important;}&#8221;][\/vc_column][\/vc_row][vc_row css=&#8221;.vc_custom_1668458930195{margin-top: 50px !important;margin-bottom: 100px !important;}&#8221;][vc_column][vc_column_text] Enviar arte [\/vc_column_text][vc_column_text css=&#8221;.vc_custom_1669038762488{margin-top: 40px !important;padding-right: 100px !important;}&#8221; el_class=&#8221;logged-in&#8221; font_size=&#8221;18&#8243;] Para&hellip;<\/p>\n","protected":false},"author":1,"featured_media":0,"parent":0,"menu_order":0,"comment_status":"closed","ping_status":"closed","template":"","meta":{"footnotes":""},"class_list":["post-5384","page","type-page","status-publish","hentry","entry","no-media"],"acf":[],"_links":{"self":[{"href":"https:\/\/palkonnect.eu\/es\/wp-json\/wp\/v2\/pages\/5384","targetHints":{"allow":["GET"]}}],"collection":[{"href":"https:\/\/palkonnect.eu\/es\/wp-json\/wp\/v2\/pages"}],"about":[{"href":"https:\/\/palkonnect.eu\/es\/wp-json\/wp\/v2\/types\/page"}],"author":[{"embeddable":true,"href":"https:\/\/palkonnect.eu\/es\/wp-json\/wp\/v2\/users\/1"}],"replies":[{"embeddable":true,"href":"https:\/\/palkonnect.eu\/es\/wp-json\/wp\/v2\/comments?post=5384"}],"version-history":[{"count":16,"href":"https:\/\/palkonnect.eu\/es\/wp-json\/wp\/v2\/pages\/5384\/revisions"}],"predecessor-version":[{"id":13274,"href":"https:\/\/palkonnect.eu\/es\/wp-json\/wp\/v2\/pages\/5384\/revisions\/13274"}],"wp:attachment":[{"href":"https:\/\/palkonnect.eu\/es\/wp-json\/wp\/v2\/media?parent=5384"}],"curies":[{"name":"wp","href":"https:\/\/api.w.org\/{rel}","templated":true}]}}