{"id":5454,"date":"2021-10-19T15:07:27","date_gmt":"2021-10-19T13:07:27","guid":{"rendered":"https:\/\/palkonnect.eu\/politika-kolacica\/"},"modified":"2022-11-12T14:47:32","modified_gmt":"2022-11-12T13:47:32","slug":"politika-kolacica","status":"publish","type":"page","link":"https:\/\/palkonnect.eu\/cs\/politika-kolacica\/","title":{"rendered":"POLITIKA KOLA\u010cI\u0106A"},"content":{"rendered":"[vc_row css=&#8221;.vc_custom_1634663550371{margin-top: 40px !important;}&#8221;][vc_column][vc_column_text]\n<h1>POLITIKA KOLA\u010cI\u0106A<\/h1>\n<p><strong>Uvod<\/strong><\/p>\n<p>Na\u0161a web stranica koristi kola\u010di\u0107e i druge srodne tehnologije (radi prakti\u010dnosti, sve tehnologije nazivaju se &#8220;kola\u010di\u0107i&#8221;). Kola\u010di\u0107e postavljaju i tre\u0107e strane s kojima smo sura\u0111ujemo. U nastavku teksta obavje\u0161tavamo Vas o upotrebi kola\u010di\u0107a na na\u0161oj web stranici te Vas molimo da pozorno pro\u010ditate sve informacije kako biste bili transparentno, to\u010dno i konkretno obavije\u0161teni \u0161to se doga\u0111a s Va\u0161im ure\u0111ajem putem kojeg pregledavate sadr\u017eaj na na\u0161oj web stranici.<\/p>\n<p><strong>\u0160to su kola\u010di\u0107i?<\/strong><\/p>\n<p>Kola\u010di\u0107i su male tekstualne datoteke koje ve\u0107ina web stranica pohranjuje na ure\u0111ajima koji se koriste za pristup Internetu (ra\u010dunalo, tablet ili mobitel). Kola\u010di\u0107i spremaju Va\u0161e postavke za odre\u0111enu web stranicu (primjerice, odabir jezika, login podaci i sl.) te ih pri ponovnom posjetu stranice iznova u\u010ditavaju. Na taj su na\u010din informacije sadr\u017eane na web stranici prilago\u0111ene va\u0161im potrebama i uobi\u010dajenim na\u010dinima kori\u0161tenja. Pohrana kola\u010di\u0107a je u potpunosti pod va\u0161om kontrolom, budu\u0107i da kroz postavke u svom pregledniku mo\u017ee ograni\u010diti pohranu kola\u010di\u0107a ili ih onemogu\u0107iti. Ako odlu\u010dite onemogu\u0107iti kola\u010di\u0107e, imajte na umu da neki aspekti web stranice mo\u017eda ne\u0107e funkcionirati prema o\u010dekivanjima.<\/p>\n<p>Upute za upravljanje kola\u010di\u0107ima za naj\u010de\u0161\u0107e kori\u0161tene web preglednike mo\u017eete prona\u0107i na sljede\u0107im stranicama:<\/p>\n<ul>\n<li><a href=\"https:\/\/support.google.com\/chrome\/answer\/95647?hl=hr\">Google Chrome<\/a><\/li>\n<li><a href=\"https:\/\/support.mozilla.org\/en-US\/kb\/enable-and-disable-cookies-website-preferences\">Mozilla Firefox<\/a><\/li>\n<li><a href=\"https:\/\/support.apple.com\/hr-hr\/HT201265\">Apple Safari<\/a><\/li>\n<li><a href=\"https:\/\/help.opera.com\/en\/latest\/web-preferences\/#cookies\">Opera<\/a><\/li>\n<li><a href=\"https:\/\/support.microsoft.com\/en-us\/help\/4468242\/microsoft-edge-browsing-data-and-privacy-microsoft-privacy\">Microsoft Edge<\/a><\/li>\n<li><a href=\"https:\/\/support.microsoft.com\/hr-hr\/help\/17442\/windows-internet-explorer-delete-manage-cookies\">Microsoft Internet Explorer<\/a><\/li>\n<\/ul>\n<p>&nbsp;<\/p>\n<p><strong>\u0160to su skripte?<\/strong><\/p>\n<p>Skripta je dio programskog koda koji se koristi za pravilno i interaktivno funkcioniranje na\u0161e web stranice. Ovaj se k\u00f4d izvr\u0161ava na na\u0161em poslu\u017eitelju ili na va\u0161em ure\u0111aju.<\/p>\n<p><strong>\u0160to je tzv. web beacon?<\/strong><\/p>\n<p>Web beacon (ili piksel tag) mali je, nevidljivi dio teksta ili slike na web stranici koji se koristi za pra\u0107enje prometa na web straici. Da bi se to u\u010dinilo, razni podaci o Va\u0161oj aktivnosti se pohranjuju pomo\u0107u web beacona.<\/p>\n<p><strong>Kakvi kola\u010di\u0107i postoje<\/strong><\/p>\n<p>Tehni\u010dki ili funkcionalni kola\u010di\u0107i<\/p>\n<p>Neki kola\u010di\u0107i osiguravaju da odre\u0111eni dijelovi web stranice rade ispravno i da Va\u0161e korisni\u010dke postavke ostaju poznate. Postavljanjem funkcionalnih kola\u010di\u0107a olak\u0161avamo Vam posjet na\u0161oj web stranici. Na taj na\u010din ne trebate vi\u0161e puta unositi iste podatke prilikom posjeta na\u0161oj web stranici, a npr. Predmeti ostaju u va\u0161oj ko\u0161arici dok ne platite. Ove kola\u010di\u0107e se mogu prenijeti na Va\u0161e ra\u010dunalo bez Va\u0161eg pristanka.<\/p>\n<p>Analiti\u010dki kola\u010di\u0107i<\/p>\n<p>Budu\u0107i se statistika prati anonimno, ne tra\u017ei se dopu\u0161tenje za postavljanje analiti\u010dkih kola\u010di\u0107a.<\/p>\n<p><strong>Kola\u010di\u0107i vezani uz ogla\u0161avanje <\/strong><\/p>\n<p>Na na\u0161oj web stranici koristimo reklamne kola\u010di\u0107e, omogu\u0107avaju\u0107i nam da personaliziramo oglase za Vas, a mi (i tre\u0107e strane) dobivamo uvid u rezultate kampanje. To se doga\u0111a na temelju profila koji kreiramo na temelju Va\u0161eg klika i surfanja na i izvan na\u0161e web stranice. Ovim kola\u010di\u0107ima Vi ste kao posjetitelj web stranice povezani s jedinstvenim ID-om, tako da primjerice ne vidite isti oglas vi\u0161e puta.<\/p>\n<p>Budu\u0107i da ovi kola\u010di\u0107i nisu dio na\u0161ih aktivnosti, nije potrebno Va\u0161e dopu\u0161tenje za njihovo postavljanje jer iste ne koristimo.<\/p>\n<p><strong>Gumbi za dru\u0161tvene mre\u017ee<\/strong><\/p>\n<p>Na na\u0161oj web stranici uklju\u010dili smo gumb za Facebook za promociju web stranica (npr. &#8220;Svi\u0111a mi se&#8221;, &#8220;pin&#8221;) ili dijeljenje na dru\u0161tvenim mre\u017eama poput Facebooka. Ovi gumbi rade koriste\u0107i dijelove koda koji dolaze iz Facebooka i drugih dru\u0161tvenih mre\u017ea. Ovaj kod postavlja kola\u010di\u0107e. Gumbi na dru\u0161tvenim mre\u017eama tako\u0111er mogu pohraniti i obraditi odre\u0111ene podatke, tako da vam se mo\u017ee prikazati personalizirani oglas.<\/p>\n<p>Molimo pro\u010ditajte izjavu o privatnosti ovih dru\u0161tvenih mre\u017ea (koja se relativno \u010desto mijenjati) kako biste pro\u010ditali \u0161to rade s Va\u0161im (osobnim) podacima koje obra\u0111uju pomo\u0107u ovih kola\u010di\u0107a. Podaci koji se preuzimaju anonimni su \u0161to je vi\u0161e mogu\u0107e. Va\u017eno je imati na umu da se Facebook, WhatsApp i Instagram nalaze se u Sjedinjenim Dr\u017eavama, iako posjeduju i servere na podru\u010dju EU.<\/p>\n<p><strong>Koje kola\u010di\u0107e koristimo?<\/strong><\/p>\n<p>Na\u0161a web stranica koristi sljede\u0107e kategorije kola\u010di\u0107a:<\/p>\n<ol>\n<li>Tehni\u010dko\/funkcionalne<\/li>\n<li>a) Obvezne- neophodni su za tehni\u010dku funkcionalnost web stranice ili pru\u017eaju uslugu koju ste zatra\u017eili. Ovi kola\u010di\u0107i ne pohranjuju informacije koje bi Vas mogle identificirati.<\/li>\n<\/ol>\n<p>Kola\u010di\u0107i koji se koriste: Sistemski session ID (trajanje: 60 min.), CookieWarningAgreed (trajanje: 90 min.), CartStorageID (trajanje: 90 min).<\/p>\n<ol>\n<li>b) Statisti\u010dke- koriste se za prikupljanje podataka o kori\u0161tenju web stranice (demografski podaci, interesi korisnika i sl.) u svrhu pobolj\u0161anja korisni\u010dkog iskustva. Ovi su podaci tako\u0111er anonimni. Kola\u010di\u0107i koji se koriste: Google Tag Manager<\/li>\n<li>Marketin\u0161ke- kola\u010di\u0107i tre\u0107e strane koji se temelje na jedinstvenoj identifikaciji Va\u0161eg preglednika i internetskog ure\u0111aja. Kola\u010di\u0107i koji se koriste: Facebook<\/li>\n<\/ol>\n<p>&nbsp;<\/p>\n<p>Popis svih kola\u010di\u0107a koja ova web stranica koristi:<br \/>\n<div id=\"cmplz-cookies-overview\"><details class=\"cmplz-dropdown cmplz-service-desc cmplz-dropdown-cookiepolicy \">\n\t<summary class=\"cmplz-service-header\"><div>\n\t\t<h3>WPML<\/h3>\n\t\t<p>\u00da\u010del \u010dekaj\u00edc\u00ed na zji\u0161t\u011bn\u00ed<\/p>\n\t\t<label for=\"cmplz_service_wpml\" class=\"cmplz_consent_per_service_label\"><span class=\"screen-reader-text\">Consent to service wpml<\/span><\/label>\n\t\t<input type=\"checkbox\" id=\"cmplz_service_wpml\" class=\"cmplz-accept-service cmplz-hidden\" data-service=\"wpml\" data-category=\"functional\"><\/div>\n\t<\/summary>\n\t<div class=\"cmplz-service-description\">\n\t\t<h4>U\u017e\u00edv\u00e1n\u00ed<\/h4>\n\t\t<p><\/p>\n\t<\/div>\n\t<div class=\"cmplz-sharing-data\">\n\t\t<h4>Sd\u00edlen\u00ed \u00fadaj\u016f<\/h4>\n\t\t<p>Tato data nejsou sd\u00edlena s t\u0159et\u00edmi stranami.<\/p>\n\t<\/div>\n\t<div class=\"cookies-per-purpose\">\n    <div class=\"purpose\"><h4>\u00da\u010del \u010dekaj\u00edc\u00ed na zji\u0161t\u011bn\u00ed<\/h4><\/div>\n    <div class=\"name-header\">\n\t<h5>N\u00e1zev<\/h5>\n<\/div>\n<div class=\"name\"><a target=\"_blank\" rel=\"noopener noreferrer nofollow\" href=\"https:\/\/cookiedatabase.org\/cookie\/unknown-service\/wp-wpml_current_language\/\">wp-wpml_current_language<\/a><\/div>\n<div class=\"retention-header\">\n\t<h5>Expirace<\/h5>\n<\/div>\n<div class=\"retention\"><\/div>\n<div class=\"function-header\">\n\t<h5>Funkce<\/h5>\n<\/div>\n<div class=\"function\"><\/div>\n\n<\/div>\n<\/details>\n<details class=\"cmplz-dropdown cmplz-service-desc cmplz-dropdown-cookiepolicy \">\n\t<summary class=\"cmplz-service-header\"><div>\n\t\t<h3>Ostatn\u00ed<\/h3>\n\t\t<p>\u00da\u010del \u010dekaj\u00edc\u00ed na zji\u0161t\u011bn\u00ed<\/p>\n\t\t<label for=\"cmplz_service_ostatn\u00ed\" class=\"cmplz_consent_per_service_label\"><span class=\"screen-reader-text\">Consent to service ostatn\u00ed<\/span><\/label>\n\t\t<input type=\"checkbox\" id=\"cmplz_service_ostatn\u00ed\" class=\"cmplz-accept-service cmplz-hidden\" data-service=\"ostatn\u00ed\" data-category=\"functional\"><\/div>\n\t<\/summary>\n\t<div class=\"cmplz-service-description\">\n\t\t<h4>U\u017e\u00edv\u00e1n\u00ed<\/h4>\n\t\t<p><\/p>\n\t<\/div>\n\t<div class=\"cmplz-sharing-data\">\n\t\t<h4>Sd\u00edlen\u00ed \u00fadaj\u016f<\/h4>\n\t\t<p>Sd\u00edlen\u00ed \u00fadaj\u016f \u010dek\u00e1 na zji\u0161t\u011bn\u00ed<\/p>\n\t<\/div>\n\t<div class=\"cookies-per-purpose\">\n    <div class=\"purpose\"><h4>\u00da\u010del \u010dekaj\u00edc\u00ed na zji\u0161t\u011bn\u00ed<\/h4><\/div>\n    <div class=\"name-header\">\n\t<h5>N\u00e1zev<\/h5>\n<\/div>\n<div class=\"name\">cmplz_consenttype<\/div>\n<div class=\"retention-header\">\n\t<h5>Expirace<\/h5>\n<\/div>\n<div class=\"retention\">365 dn\u016f<\/div>\n<div class=\"function-header\">\n\t<h5>Funkce<\/h5>\n<\/div>\n<div class=\"function\"><\/div>\n<div class=\"name-header\">\n\t<h5>N\u00e1zev<\/h5>\n<\/div>\n<div class=\"name\">mtnc_upsell_shown<\/div>\n<div class=\"retention-header\">\n\t<h5>Expirace<\/h5>\n<\/div>\n<div class=\"retention\"><\/div>\n<div class=\"function-header\">\n\t<h5>Funkce<\/h5>\n<\/div>\n<div class=\"function\"><\/div>\n<div class=\"name-header\">\n\t<h5>N\u00e1zev<\/h5>\n<\/div>\n<div class=\"name\">mtnc_upsell_shown_timestamp<\/div>\n<div class=\"retention-header\">\n\t<h5>Expirace<\/h5>\n<\/div>\n<div class=\"retention\"><\/div>\n<div class=\"function-header\">\n\t<h5>Funkce<\/h5>\n<\/div>\n<div class=\"function\"><\/div>\n<div class=\"name-header\">\n\t<h5>N\u00e1zev<\/h5>\n<\/div>\n<div class=\"name\">DataTables_role-list_\/wp-admin\/admin.php<\/div>\n<div class=\"retention-header\">\n\t<h5>Expirace<\/h5>\n<\/div>\n<div class=\"retention\"><\/div>\n<div class=\"function-header\">\n\t<h5>Funkce<\/h5>\n<\/div>\n<div class=\"function\"><\/div>\n<div class=\"name-header\">\n\t<h5>N\u00e1zev<\/h5>\n<\/div>\n<div class=\"name\">DataTables_policy-list_\/wp-admin\/admin.php<\/div>\n<div class=\"retention-header\">\n\t<h5>Expirace<\/h5>\n<\/div>\n<div class=\"retention\"><\/div>\n<div class=\"function-header\">\n\t<h5>Funkce<\/h5>\n<\/div>\n<div class=\"function\"><\/div>\n<div class=\"name-header\">\n\t<h5>N\u00e1zev<\/h5>\n<\/div>\n<div class=\"name\">aam-subject<\/div>\n<div class=\"retention-header\">\n\t<h5>Expirace<\/h5>\n<\/div>\n<div class=\"retention\"><\/div>\n<div class=\"function-header\">\n\t<h5>Funkce<\/h5>\n<\/div>\n<div class=\"function\"><\/div>\n<div class=\"name-header\">\n\t<h5>N\u00e1zev<\/h5>\n<\/div>\n<div class=\"name\">DataTables_user-list_\/wp-admin\/admin.php<\/div>\n<div class=\"retention-header\">\n\t<h5>Expirace<\/h5>\n<\/div>\n<div class=\"retention\"><\/div>\n<div class=\"function-header\">\n\t<h5>Funkce<\/h5>\n<\/div>\n<div class=\"function\"><\/div>\n<div class=\"name-header\">\n\t<h5>N\u00e1zev<\/h5>\n<\/div>\n<div class=\"name\">DataTables_uri-list_\/wp-admin\/admin.php<\/div>\n<div class=\"retention-header\">\n\t<h5>Expirace<\/h5>\n<\/div>\n<div class=\"retention\"><\/div>\n<div class=\"function-header\">\n\t<h5>Funkce<\/h5>\n<\/div>\n<div class=\"function\"><\/div>\n<div class=\"name-header\">\n\t<h5>N\u00e1zev<\/h5>\n<\/div>\n<div class=\"name\">cmplz_consented_services<\/div>\n<div class=\"retention-header\">\n\t<h5>Expirace<\/h5>\n<\/div>\n<div class=\"retention\">365 dn\u016f<\/div>\n<div class=\"function-header\">\n\t<h5>Funkce<\/h5>\n<\/div>\n<div class=\"function\"><\/div>\n<div class=\"name-header\">\n\t<h5>N\u00e1zev<\/h5>\n<\/div>\n<div class=\"name\">cmplz_policy_id<\/div>\n<div class=\"retention-header\">\n\t<h5>Expirace<\/h5>\n<\/div>\n<div class=\"retention\">365 dn\u016f<\/div>\n<div class=\"function-header\">\n\t<h5>Funkce<\/h5>\n<\/div>\n<div class=\"function\"><\/div>\n<div class=\"name-header\">\n\t<h5>N\u00e1zev<\/h5>\n<\/div>\n<div class=\"name\">cmplz_marketing<\/div>\n<div class=\"retention-header\">\n\t<h5>Expirace<\/h5>\n<\/div>\n<div class=\"retention\">365 dn\u016f<\/div>\n<div class=\"function-header\">\n\t<h5>Funkce<\/h5>\n<\/div>\n<div class=\"function\"><\/div>\n<div class=\"name-header\">\n\t<h5>N\u00e1zev<\/h5>\n<\/div>\n<div class=\"name\">cmplz_statistics<\/div>\n<div class=\"retention-header\">\n\t<h5>Expirace<\/h5>\n<\/div>\n<div class=\"retention\">365 dn\u016f<\/div>\n<div class=\"function-header\">\n\t<h5>Funkce<\/h5>\n<\/div>\n<div class=\"function\"><\/div>\n<div class=\"name-header\">\n\t<h5>N\u00e1zev<\/h5>\n<\/div>\n<div class=\"name\">cmplz_preferences<\/div>\n<div class=\"retention-header\">\n\t<h5>Expirace<\/h5>\n<\/div>\n<div class=\"retention\">365 dn\u016f<\/div>\n<div class=\"function-header\">\n\t<h5>Funkce<\/h5>\n<\/div>\n<div class=\"function\"><\/div>\n<div class=\"name-header\">\n\t<h5>N\u00e1zev<\/h5>\n<\/div>\n<div class=\"name\">cmplz_functional<\/div>\n<div class=\"retention-header\">\n\t<h5>Expirace<\/h5>\n<\/div>\n<div class=\"retention\">365 dn\u016f<\/div>\n<div class=\"function-header\">\n\t<h5>Funkce<\/h5>\n<\/div>\n<div class=\"function\"><\/div>\n<div class=\"name-header\">\n\t<h5>N\u00e1zev<\/h5>\n<\/div>\n<div class=\"name\">cmplz_banner-status<\/div>\n<div class=\"retention-header\">\n\t<h5>Expirace<\/h5>\n<\/div>\n<div class=\"retention\">365 dn\u016f<\/div>\n<div class=\"function-header\">\n\t<h5>Funkce<\/h5>\n<\/div>\n<div class=\"function\"><\/div>\n<div class=\"name-header\">\n\t<h5>N\u00e1zev<\/h5>\n<\/div>\n<div class=\"name\">timezone<\/div>\n<div class=\"retention-header\">\n\t<h5>Expirace<\/h5>\n<\/div>\n<div class=\"retention\"><\/div>\n<div class=\"function-header\">\n\t<h5>Funkce<\/h5>\n<\/div>\n<div class=\"function\"><\/div>\n<div class=\"name-header\">\n\t<h5>N\u00e1zev<\/h5>\n<\/div>\n<div class=\"name\">cpsession<\/div>\n<div class=\"retention-header\">\n\t<h5>Expirace<\/h5>\n<\/div>\n<div class=\"retention\"><\/div>\n<div class=\"function-header\">\n\t<h5>Funkce<\/h5>\n<\/div>\n<div class=\"function\"><\/div>\n<div class=\"name-header\">\n\t<h5>N\u00e1zev<\/h5>\n<\/div>\n<div class=\"name\">continueReview<\/div>\n<div class=\"retention-header\">\n\t<h5>Expirace<\/h5>\n<\/div>\n<div class=\"retention\"><\/div>\n<div class=\"function-header\">\n\t<h5>Funkce<\/h5>\n<\/div>\n<div class=\"function\"><\/div>\n<div class=\"name-header\">\n\t<h5>N\u00e1zev<\/h5>\n<\/div>\n<div class=\"name\">acf<\/div>\n<div class=\"retention-header\">\n\t<h5>Expirace<\/h5>\n<\/div>\n<div class=\"retention\"><\/div>\n<div class=\"function-header\">\n\t<h5>Funkce<\/h5>\n<\/div>\n<div class=\"function\"><\/div>\n<div class=\"name-header\">\n\t<h5>N\u00e1zev<\/h5>\n<\/div>\n<div class=\"name\">rs6_overview_pagination<\/div>\n<div class=\"retention-header\">\n\t<h5>Expirace<\/h5>\n<\/div>\n<div class=\"retention\"><\/div>\n<div class=\"function-header\">\n\t<h5>Funkce<\/h5>\n<\/div>\n<div class=\"function\"><\/div>\n\n<\/div>\n<\/details>\n<\/div>\n<p>&nbsp;<\/p>\n<p>Pristanak:<br \/>\n<div id=\"cmplz-manage-consent-container-nojavascript\">Z\u00e1sady cookies jste na\u010detli bez podpory javascriptu.&nbsp;Na AMP m\u016f\u017eete pou\u017e\u00edt tla\u010d\u00edtko Spravovat souhlas ve spodn\u00ed \u010d\u00e1sti str\u00e1nky.<\/div><div id=\"cmplz-manage-consent-container\" name=\"cmplz-manage-consent-container\" class=\"cmplz-manage-consent-container\"><\/div>[\/vc_column_text][\/vc_column][\/vc_row]\n","protected":false},"excerpt":{"rendered":"<p>[vc_row css=&#8221;.vc_custom_1634663550371{margin-top: 40px !important;}&#8221;][vc_column][vc_column_text] POLITIKA KOLA\u010cI\u0106A Uvod Na\u0161a web stranica koristi kola\u010di\u0107e i druge srodne tehnologije (radi prakti\u010dnosti, sve tehnologije nazivaju se &#8220;kola\u010di\u0107i&#8221;). Kola\u010di\u0107e postavljaju i tre\u0107e strane s kojima smo sura\u0111ujemo. U nastavku teksta obavje\u0161tavamo Vas o upotrebi kola\u010di\u0107a na na\u0161oj web stranici te Vas molimo da pozorno pro\u010ditate sve informacije kako biste bili&hellip;<\/p>\n","protected":false},"author":1,"featured_media":0,"parent":0,"menu_order":0,"comment_status":"closed","ping_status":"closed","template":"","meta":{"footnotes":""},"class_list":["post-5454","page","type-page","status-publish","hentry","entry","no-media"],"acf":[],"_links":{"self":[{"href":"https:\/\/palkonnect.eu\/cs\/wp-json\/wp\/v2\/pages\/5454","targetHints":{"allow":["GET"]}}],"collection":[{"href":"https:\/\/palkonnect.eu\/cs\/wp-json\/wp\/v2\/pages"}],"about":[{"href":"https:\/\/palkonnect.eu\/cs\/wp-json\/wp\/v2\/types\/page"}],"author":[{"embeddable":true,"href":"https:\/\/palkonnect.eu\/cs\/wp-json\/wp\/v2\/users\/1"}],"replies":[{"embeddable":true,"href":"https:\/\/palkonnect.eu\/cs\/wp-json\/wp\/v2\/comments?post=5454"}],"version-history":[{"count":1,"href":"https:\/\/palkonnect.eu\/cs\/wp-json\/wp\/v2\/pages\/5454\/revisions"}],"predecessor-version":[{"id":5461,"href":"https:\/\/palkonnect.eu\/cs\/wp-json\/wp\/v2\/pages\/5454\/revisions\/5461"}],"wp:attachment":[{"href":"https:\/\/palkonnect.eu\/cs\/wp-json\/wp\/v2\/media?parent=5454"}],"curies":[{"name":"wp","href":"https:\/\/api.w.org\/{rel}","templated":true}]}}