{"id":5362,"date":"2022-05-27T12:25:00","date_gmt":"2022-05-27T10:25:00","guid":{"rendered":"https:\/\/palkonnect.eu\/login\/"},"modified":"2022-11-21T13:52:03","modified_gmt":"2022-11-21T12:52:03","slug":"login","status":"publish","type":"page","link":"https:\/\/palkonnect.eu\/cs\/login\/","title":{"rendered":"Login"},"content":{"rendered":"[vc_row full_width=&#8221;stretch_row_content_no_spaces&#8221; content_placement=&#8221;top&#8221; remove_bottom_col_margin=&#8221;true&#8221; min_height=&#8221;256px&#8221; css=&#8221;.vc_custom_1654165409279{margin-top: 0px !important;margin-bottom: 20px !important;background-image: url(https:\/\/palkonnect.eu\/wp-content\/uploads\/2022\/06\/submit-header-scaled.gif?id=2497) !important;background-position: 0 0 !important;background-repeat: no-repeat !important;}&#8221; wpex_bg_position=&#8221;top center&#8221; wpex_bg_size=&#8221;2599px 256px&#8221; visibility=&#8221;hidden-phone&#8221;][vc_column][\/vc_column][\/vc_row][vc_row full_width=&#8221;stretch_row_content_no_spaces&#8221; content_placement=&#8221;middle&#8221; visibility=&#8221;visible-phone&#8221; css=&#8221;.vc_custom_1652441026009{margin-bottom: 20px !important;}&#8221;][vc_column][vc_single_image image=&#8221;2496&#8243; alignment=&#8221;center&#8221; css=&#8221;.vc_custom_1654165435613{padding-top: 0px !important;padding-right: 0px !important;padding-bottom: 0px !important;padding-left: 0px !important;}&#8221;][\/vc_column][\/vc_row][vc_row css=&#8221;.vc_custom_1654708478887{margin-top: 50px !important;margin-bottom: 50px !important;}&#8221;][vc_column][vc_column_text]\n<h1 style=\"text-align: left;\">P\u0159ihlaste se ke sv\u00e9mu u\u017eivatelsk\u00e9mu \u00fa\u010dtu<\/h1>\n[\/vc_column_text][vc_empty_space height=&#8221;50px&#8221;][vc_column_text]<div class=\"login\" id=\"wpuf-login-form\">\n\n    \n        \n    <form name=\"loginform\" class=\"wpuf-login-form\" id=\"loginform\" action=\"https:\/\/palkonnect.eu\/hr\/login\/\" method=\"post\">\n        <p>\n            <label for=\"wpuf-user_login\">U\u017eivatelsk\u00e9 jm\u00e9no nebo email<\/label>\n            <input type=\"text\" name=\"log\" id=\"wpuf-user_login\" class=\"input\" value=\"\" size=\"20\" \/>\n        <\/p>\n        <p>\n            <label for=\"wpuf-user_pass\">Heslo<\/label>\n            <input type=\"password\" name=\"pwd\" id=\"wpuf-user_pass\" class=\"input\" value=\"\" size=\"20\" \/>\n        <\/p>\n\n                \n        <p class=\"forgetmenot\">\n            <input name=\"rememberme\" type=\"checkbox\" id=\"wpuf-rememberme\" value=\"forever\" \/>\n            <label for=\"wpuf-rememberme\">Zapamatuj si m\u011b<\/label>\n        <\/p>\n\n        <p class=\"submit\">\n            <input type=\"submit\" name=\"wp-submit\" id=\"wp-submit\" value=\"P\u0159ihl\u00e1\u0161en\u00ed\" \/>\n            <input type=\"hidden\" name=\"redirect_to\" value=\"https:\/\/palkonnect.eu\/hr\/submit-artwork\/\" \/>\n            <input type=\"hidden\" name=\"wpuf_login\" value=\"true\" \/>\n            <input type=\"hidden\" name=\"action\" value=\"login\" \/>\n            <input type=\"hidden\" id=\"wpuf-login-nonce\" name=\"wpuf-login-nonce\" value=\"cbb5351fc1\" \/><input type=\"hidden\" name=\"_wp_http_referer\" value=\"\/cs\/wp-json\/wp\/v2\/pages\/5362\" \/>        <\/p>\n        <p>\n                    <\/p>\n    <\/form>\n\n    <a href=\"https:\/\/palkonnect.eu\/hr\/register\/\">Zaregistrujte se<\/a> | <a href=\"https:\/\/palkonnect.eu\/hr\/login\/?action=lostpassword\">Ztracen\u00e9 heslo<\/a><\/div>\n[\/vc_column_text][\/vc_column][\/vc_row]\n","protected":false},"excerpt":{"rendered":"<p>[vc_row full_width=&#8221;stretch_row_content_no_spaces&#8221; content_placement=&#8221;top&#8221; remove_bottom_col_margin=&#8221;true&#8221; min_height=&#8221;256px&#8221; css=&#8221;.vc_custom_1654165409279{margin-top: 0px !important;margin-bottom: 20px !important;background-image: url(https:\/\/palkonnect.eu\/wp-content\/uploads\/2022\/06\/submit-header-scaled.gif?id=2497) !important;background-position: 0 0 !important;background-repeat: no-repeat !important;}&#8221; wpex_bg_position=&#8221;top center&#8221; wpex_bg_size=&#8221;2599px 256px&#8221; visibility=&#8221;hidden-phone&#8221;][vc_column][\/vc_column][\/vc_row][vc_row full_width=&#8221;stretch_row_content_no_spaces&#8221; content_placement=&#8221;middle&#8221; visibility=&#8221;visible-phone&#8221; css=&#8221;.vc_custom_1652441026009{margin-bottom: 20px !important;}&#8221;][vc_column][vc_single_image image=&#8221;2496&#8243; alignment=&#8221;center&#8221; css=&#8221;.vc_custom_1654165435613{padding-top: 0px !important;padding-right: 0px !important;padding-bottom: 0px !important;padding-left: 0px !important;}&#8221;][\/vc_column][\/vc_row][vc_row css=&#8221;.vc_custom_1654708478887{margin-top: 50px !important;margin-bottom: 50px !important;}&#8221;][vc_column][vc_column_text] P\u0159ihlaste se ke sv\u00e9mu u\u017eivatelsk\u00e9mu \u00fa\u010dtu [\/vc_column_text][vc_empty_space height=&#8221;50px&#8221;][vc_column_text][\/vc_column_text][\/vc_column][\/vc_row]<\/p>\n","protected":false},"author":1,"featured_media":0,"parent":0,"menu_order":0,"comment_status":"closed","ping_status":"closed","template":"","meta":{"footnotes":""},"class_list":["post-5362","page","type-page","status-publish","hentry","entry","no-media"],"acf":[],"_links":{"self":[{"href":"https:\/\/palkonnect.eu\/cs\/wp-json\/wp\/v2\/pages\/5362","targetHints":{"allow":["GET"]}}],"collection":[{"href":"https:\/\/palkonnect.eu\/cs\/wp-json\/wp\/v2\/pages"}],"about":[{"href":"https:\/\/palkonnect.eu\/cs\/wp-json\/wp\/v2\/types\/page"}],"author":[{"embeddable":true,"href":"https:\/\/palkonnect.eu\/cs\/wp-json\/wp\/v2\/users\/1"}],"replies":[{"embeddable":true,"href":"https:\/\/palkonnect.eu\/cs\/wp-json\/wp\/v2\/comments?post=5362"}],"version-history":[{"count":4,"href":"https:\/\/palkonnect.eu\/cs\/wp-json\/wp\/v2\/pages\/5362\/revisions"}],"predecessor-version":[{"id":13006,"href":"https:\/\/palkonnect.eu\/cs\/wp-json\/wp\/v2\/pages\/5362\/revisions\/13006"}],"wp:attachment":[{"href":"https:\/\/palkonnect.eu\/cs\/wp-json\/wp\/v2\/media?parent=5362"}],"curies":[{"name":"wp","href":"https:\/\/api.w.org\/{rel}","templated":true}]}}